{"id":29141,"date":"2025-07-23T09:24:40","date_gmt":"2025-07-23T09:24:40","guid":{"rendered":"https:\/\/thecars.es\/?page_id=29141"},"modified":"2025-07-23T11:28:49","modified_gmt":"2025-07-23T11:28:49","slug":"vehicle-evaluation","status":"publish","type":"page","link":"https:\/\/thecars.es\/es\/vehicle-evaluation\/","title":{"rendered":"Vehicle Evaluation"},"content":{"rendered":"<div data-elementor-type=\"wp-page\" data-elementor-id=\"29141\" class=\"elementor elementor-29141\">\n\t\t\t\t<div class=\"elementor-element elementor-element-24af4de e-flex e-con-boxed e-con e-parent\" data-id=\"24af4de\" data-element_type=\"container\" data-e-type=\"container\">\n\t\t\t\t\t<div class=\"e-con-inner\">\n\t\t\t\t<div class=\"elementor-element elementor-element-e416874 elementor-widget elementor-widget-spacer\" data-id=\"e416874\" data-element_type=\"widget\" data-e-type=\"widget\" data-widget_type=\"spacer.default\">\n\t\t\t\t<div class=\"elementor-widget-container\">\n\t\t\t\t\t\t\t<div class=\"elementor-spacer\">\n\t\t\t<div class=\"elementor-spacer-inner\"><\/div>\n\t\t<\/div>\n\t\t\t\t\t\t<\/div>\n\t\t\t\t<\/div>\n\t\t\t\t\t<\/div>\n\t\t\t\t<\/div>\n\t\t<div class=\"elementor-element elementor-element-4a03bbc e-flex e-con-boxed e-con e-parent\" data-id=\"4a03bbc\" data-element_type=\"container\" data-e-type=\"container\">\n\t\t\t\t\t<div class=\"e-con-inner\">\n\t\t\t\t<div class=\"elementor-element elementor-element-269f8dc elementor-widget elementor-widget-heading\" data-id=\"269f8dc\" data-element_type=\"widget\" data-e-type=\"widget\" data-widget_type=\"heading.default\">\n\t\t\t\t<div class=\"elementor-widget-container\">\n\t\t\t\t\t<h1 class=\"elementor-heading-title elementor-size-default\">Vende tu coche r\u00e1pido \u2014 en solo 1 minuto.<\/h1>\t\t\t\t<\/div>\n\t\t\t\t<\/div>\n\t\t\t\t<div class=\"elementor-element elementor-element-58eb1a6 elementor-widget__width-initial elementor-widget elementor-widget-text-editor\" data-id=\"58eb1a6\" data-element_type=\"widget\" data-e-type=\"widget\" data-widget_type=\"text-editor.default\">\n\t\t\t\t<div class=\"elementor-widget-container\">\n\t\t\t\t\t\t\t\t\t<ul><li>Consigue la mejor oferta del mercado.<\/li><li>\u00a1Pago inmediato garantizado!<\/li><\/ul><p>Actualmente, estamos valorando veh\u00edculos de la regi\u00f3n de Andaluc\u00eda con un kilometraje no superior a 150.000 km.<br data-start=\"107\" data-end=\"110\" \/>Rogamos disculpas por las molestias ocasionadas.<\/p>\t\t\t\t\t\t\t\t<\/div>\n\t\t\t\t<\/div>\n\t\t\t\t\t<\/div>\n\t\t\t\t<\/div>\n\t\t<div class=\"elementor-element elementor-element-2c34dfa e-flex e-con-boxed e-con e-parent\" data-id=\"2c34dfa\" data-element_type=\"container\" data-e-type=\"container\">\n\t\t\t\t\t<div class=\"e-con-inner\">\n\t\t\t\t<div class=\"elementor-element elementor-element-93df6fb elementor-widget elementor-widget-html\" data-id=\"93df6fb\" data-element_type=\"widget\" data-e-type=\"widget\" data-widget_type=\"html.default\">\n\t\t\t\t<div class=\"elementor-widget-container\">\n\t\t\t\t\t<iframe src=\"https:\/\/api.tasator.com\/portable\/6d7bf42b\" style=\"height:620px; width: 750px; margin: 0 auto; border: none;\"\/><\/iframe>\t\t\t\t<\/div>\n\t\t\t\t<\/div>\n\t\t\t\t<div class=\"elementor-element elementor-element-a332254 elementor-widget elementor-widget-spacer\" data-id=\"a332254\" data-element_type=\"widget\" data-e-type=\"widget\" data-widget_type=\"spacer.default\">\n\t\t\t\t<div class=\"elementor-widget-container\">\n\t\t\t\t\t\t\t<div class=\"elementor-spacer\">\n\t\t\t<div class=\"elementor-spacer-inner\"><\/div>\n\t\t<\/div>\n\t\t\t\t\t\t<\/div>\n\t\t\t\t<\/div>\n\t\t\t\t\t<\/div>\n\t\t\t\t<\/div>\n\t\t<div class=\"elementor-element elementor-element-0e1de8b e-flex e-con-boxed e-con e-parent\" data-id=\"0e1de8b\" data-element_type=\"container\" data-e-type=\"container\">\n\t\t\t\t\t<div class=\"e-con-inner\">\n\t\t\t\t<div class=\"elementor-element elementor-element-a294c67 elementor-widget elementor-widget-text-editor\" data-id=\"a294c67\" data-element_type=\"widget\" data-e-type=\"widget\" data-widget_type=\"text-editor.default\">\n\t\t\t\t<div class=\"elementor-widget-container\">\n\t\t\t\t\t\t\t\t\t<h6 class=\"MuiTypography-root jss559 MuiTypography-h6\">\u00bfPodemos ayudarte?<\/h6><p class=\"MuiTypography-root jss560 MuiTypography-body1\">Si tienes cualquier duda,\u00a0<strong>ll\u00e1manos<\/strong><\/p>\t\t\t\t\t\t\t\t<\/div>\n\t\t\t\t<\/div>\n\t\t\t\t<div class=\"elementor-element elementor-element-85ea9c6 elementor-widget elementor-widget-vehica_phone_general_widget\" data-id=\"85ea9c6\" data-element_type=\"widget\" data-e-type=\"widget\" data-settings=\"{&quot;vehica_phone_text_align&quot;:&quot;left&quot;,&quot;vehica_phone_text_align_mobile&quot;:&quot;center&quot;}\" data-widget_type=\"vehica_phone_general_widget.default\">\n\t\t\t\t<div class=\"elementor-widget-container\">\n\t\t\t\t\t    <div class=\"vehica-phone\">\r\n        <div class=\"vehica-phone-v1\">\r\n            <a\r\n                    class=\"vehica-phone-highlight\"\r\n                    href=\"tel:900433344\"\r\n            >\r\n                900 43 33 44              <\/a>\r\n        <\/div>\r\n    <\/div>\r\n\t\t\t\t<\/div>\n\t\t\t\t<\/div>\n\t\t\t\t<div class=\"elementor-element elementor-element-217c9b8 elementor-widget elementor-widget-spacer\" data-id=\"217c9b8\" data-element_type=\"widget\" data-e-type=\"widget\" data-widget_type=\"spacer.default\">\n\t\t\t\t<div class=\"elementor-widget-container\">\n\t\t\t\t\t\t\t<div class=\"elementor-spacer\">\n\t\t\t<div class=\"elementor-spacer-inner\"><\/div>\n\t\t<\/div>\n\t\t\t\t\t\t<\/div>\n\t\t\t\t<\/div>\n\t\t\t\t\t<\/div>\n\t\t\t\t<\/div>\n\t\t<div class=\"elementor-element elementor-element-bcdd102 e-flex e-con-boxed e-con e-parent\" data-id=\"bcdd102\" data-element_type=\"container\" data-e-type=\"container\">\n\t\t\t\t\t<div class=\"e-con-inner\">\n\t\t\t\t<div class=\"elementor-element elementor-element-c304af7 elementor-widget elementor-widget-text-editor\" data-id=\"c304af7\" data-element_type=\"widget\" data-e-type=\"widget\" data-widget_type=\"text-editor.default\">\n\t\t\t\t<div class=\"elementor-widget-container\">\n\t\t\t\t\t\t\t\t\t<h3 data-start=\"84\" data-end=\"124\">Vende tu coche r\u00e1pido y sin l\u00edos<\/h3><p data-start=\"125\" data-end=\"215\"><strong data-start=\"125\" data-end=\"182\">Valora tu coche gratis y v\u00e9ndelo con The Cars<\/strong><br data-start=\"182\" data-end=\"185\" \/><strong data-start=\"185\" data-end=\"215\">Recibe el dinero al instante<\/strong><\/p><p data-start=\"217\" data-end=\"295\">Haz la tasaci\u00f3n online y tr\u00e1elo a nuestro centro para recibir el pago inmediato.<\/p><h3 data-start=\"302\" data-end=\"344\">Valora tu coche online sin papeleo<\/h3><p data-start=\"346\" data-end=\"492\">Con nuestro tasador online, conocer el valor de tu coche es r\u00e1pido y sencillo. Solo necesitas introducir algunos datos b\u00e1sicos y en pocos segundos obtendr\u00e1s una valoraci\u00f3n lista para vender.<\/p><h3 data-start=\"499\" data-end=\"542\">\u00bfC\u00f3mo saber el valor de tu coche en minutos?<\/h3><p data-start=\"544\" data-end=\"757\">Con solo unos pocos pasos podr\u00e1s saber cu\u00e1nto vale tu coche. La tasaci\u00f3n online es una opci\u00f3n \u00e1gil y sin complicaciones. Basta con indicarnos la marca, el modelo, el a\u00f1o y los kil\u00f3metros para obtener una valoraci\u00f3n precisa.<\/p><h3 data-start=\"764\" data-end=\"797\">\u00bfLa tasaci\u00f3n es gratuita?<\/h3><p data-start=\"799\" data-end=\"953\">S\u00ed, totalmente gratis y sin compromiso. Solo introduce los datos de tu veh\u00edculo y recibir\u00e1s una estimaci\u00f3n de precio. Despu\u00e9s t\u00fa decides si quieres seguir adelante con la venta. As\u00ed de f\u00e1cil.<\/p><p data-start=\"955\" data-end=\"1029\"><strong data-start=\"955\" data-end=\"1029\">T\u00fa nos das los datos, nosotros la valoraci\u00f3n. T\u00fa decides.<\/strong><\/p><h3 data-start=\"1036\" data-end=\"1071\">\u00bfQu\u00e9 condiciones debe cumplir el coche?<\/h3><p data-start=\"1073\" data-end=\"1370\">Actualmente aceptamos coches de Andaluc\u00eda con un m\u00e1ximo de 150.000 km. No es necesario que compres otro coche con nosotros. Pero si est\u00e1s pensando en cambiar, puedes usar el valor de tu coche como parte de pago o entrada para una financiaci\u00f3n. O simplemente recibir el dinero y usarlo como quieras.<\/p><h3 data-start=\"1377\" data-end=\"1419\">\u00bfQuieres saber cu\u00e1nto vale tu coche?<\/h3><p data-start=\"1420\" data-end=\"1481\"><strong data-start=\"1420\" data-end=\"1481\">Usa ahora nuestro tasador online y sal de dudas.<\/strong><\/p>\t\t\t\t\t\t\t\t<\/div>\n\t\t\t\t<\/div>\n\t\t\t\t<div class=\"elementor-element elementor-element-c2edfd9 elementor-widget elementor-widget-spacer\" data-id=\"c2edfd9\" data-element_type=\"widget\" data-e-type=\"widget\" data-widget_type=\"spacer.default\">\n\t\t\t\t<div class=\"elementor-widget-container\">\n\t\t\t\t\t\t\t<div class=\"elementor-spacer\">\n\t\t\t<div class=\"elementor-spacer-inner\"><\/div>\n\t\t<\/div>\n\t\t\t\t\t\t<\/div>\n\t\t\t\t<\/div>\n\t\t\t\t\t<\/div>\n\t\t\t\t<\/div>\n\t\t\t\t<\/div>","protected":false},"excerpt":{"rendered":"<p>Sell your car fast \u2014 in just 1 minute. Secure the best deal available. Instant payment guaranteed! * At the moment, we are evaluating vehicles from the Andalusia region with mileage no higher than 150,000 km.We apologize for any inconvenience caused. \u00bfPodemos ayudarte? Si tienes cualquier duda,\u00a0ll\u00e1manos 900 43 33 44 Sell your car fast [&hellip;]<\/p>\n","protected":false},"author":1,"featured_media":0,"parent":0,"menu_order":0,"comment_status":"closed","ping_status":"closed","template":"","meta":{"footnotes":""},"class_list":["post-29141","page","type-page","status-publish","hentry"],"yoast_head":"<!-- This site is optimized with the Yoast SEO plugin v25.0 - https:\/\/yoast.com\/wordpress\/plugins\/seo\/ -->\n<title>Contacto con The Cars| Encuentra Tu Coche de Segunda Mano Ideal<\/title>\n<meta name=\"description\" content=\"Cont\u00e1ctanos en The Cars para obtener m\u00e1s informaci\u00f3n sobre nuestros coches de segunda mano. Estamos aqu\u00ed para ayudarte a encontrar el veh\u00edculo ideal.\" \/>\n<meta name=\"robots\" content=\"index, follow, max-snippet:-1, max-image-preview:large, max-video-preview:-1\" \/>\n<link rel=\"canonical\" href=\"https:\/\/thecars.es\/es\/vehicle-evaluation\/\" \/>\n<meta property=\"og:locale\" content=\"es_ES\" \/>\n<meta property=\"og:type\" content=\"article\" \/>\n<meta property=\"og:title\" content=\"Contacto con The Cars| Encuentra Tu Coche de Segunda Mano Ideal\" \/>\n<meta property=\"og:description\" content=\"Cont\u00e1ctanos en The Cars para obtener m\u00e1s informaci\u00f3n sobre nuestros coches de segunda mano. Estamos aqu\u00ed para ayudarte a encontrar el veh\u00edculo ideal.\" \/>\n<meta property=\"og:url\" content=\"https:\/\/thecars.es\/es\/vehicle-evaluation\/\" \/>\n<meta property=\"og:site_name\" content=\"The Cars - Your trusted partner in pre-owned car sales.\" \/>\n<meta property=\"article:publisher\" content=\"https:\/\/www.facebook.com\/profile.php?id=61568285712078\" \/>\n<meta property=\"article:modified_time\" content=\"2025-07-23T11:28:49+00:00\" \/>\n<meta property=\"og:image\" content=\"https:\/\/thecars.es\/wp-content\/uploads\/2024\/12\/The-Cars-07.jpg\" \/>\n\t<meta property=\"og:image:width\" content=\"3509\" \/>\n\t<meta property=\"og:image:height\" content=\"2481\" \/>\n\t<meta property=\"og:image:type\" content=\"image\/jpeg\" \/>\n<meta name=\"twitter:card\" content=\"summary_large_image\" \/>\n<meta name=\"twitter:label1\" content=\"Tiempo de lectura\" \/>\n\t<meta name=\"twitter:data1\" content=\"2 minutos\" \/>\n<script type=\"application\/ld+json\" class=\"yoast-schema-graph\">{\"@context\":\"https:\/\/schema.org\",\"@graph\":[{\"@type\":\"Article\",\"@id\":\"https:\/\/thecars.es\/vehicle-evaluation\/#article\",\"isPartOf\":{\"@id\":\"https:\/\/thecars.es\/vehicle-evaluation\/\"},\"author\":{\"name\":\"Dmitrii Korsakov\",\"@id\":\"https:\/\/thecars.es\/#\/schema\/person\/66ac4eda23b1960a514380a3f6352f4b\"},\"headline\":\"Vehicle Evaluation\",\"datePublished\":\"2025-07-23T09:24:40+00:00\",\"dateModified\":\"2025-07-23T11:28:49+00:00\",\"mainEntityOfPage\":{\"@id\":\"https:\/\/thecars.es\/vehicle-evaluation\/\"},\"wordCount\":298,\"publisher\":{\"@id\":\"https:\/\/thecars.es\/#organization\"},\"inLanguage\":\"es\"},{\"@type\":[\"WebPage\",\"ContactPage\"],\"@id\":\"https:\/\/thecars.es\/vehicle-evaluation\/\",\"url\":\"https:\/\/thecars.es\/vehicle-evaluation\/\",\"name\":\"Contacto con The Cars| Encuentra Tu Coche de Segunda Mano Ideal\",\"isPartOf\":{\"@id\":\"https:\/\/thecars.es\/#website\"},\"datePublished\":\"2025-07-23T09:24:40+00:00\",\"dateModified\":\"2025-07-23T11:28:49+00:00\",\"description\":\"Cont\u00e1ctanos en The Cars para obtener m\u00e1s informaci\u00f3n sobre nuestros coches de segunda mano. Estamos aqu\u00ed para ayudarte a encontrar el veh\u00edculo ideal.\",\"breadcrumb\":{\"@id\":\"https:\/\/thecars.es\/vehicle-evaluation\/#breadcrumb\"},\"inLanguage\":\"es\",\"potentialAction\":[{\"@type\":\"ReadAction\",\"target\":[\"https:\/\/thecars.es\/vehicle-evaluation\/\"]}]},{\"@type\":\"BreadcrumbList\",\"@id\":\"https:\/\/thecars.es\/vehicle-evaluation\/#breadcrumb\",\"itemListElement\":[{\"@type\":\"ListItem\",\"position\":1,\"name\":\"\u0413\u043b\u0430\u0432\u043d\u0430\u044f \u0441\u0442\u0440\u0430\u043d\u0438\u0446\u0430\",\"item\":\"https:\/\/thecars.es\/\"},{\"@type\":\"ListItem\",\"position\":2,\"name\":\"Vehicle Evaluation\"}]},{\"@type\":\"WebSite\",\"@id\":\"https:\/\/thecars.es\/#website\",\"url\":\"https:\/\/thecars.es\/\",\"name\":\"The Cars: Tu Coche de Ocasi\u00f3n Ideal.\",\"description\":\"\",\"publisher\":{\"@id\":\"https:\/\/thecars.es\/#organization\"},\"alternateName\":\"The Cars\",\"potentialAction\":[{\"@type\":\"SearchAction\",\"target\":{\"@type\":\"EntryPoint\",\"urlTemplate\":\"https:\/\/thecars.es\/?s={search_term_string}\"},\"query-input\":{\"@type\":\"PropertyValueSpecification\",\"valueRequired\":true,\"valueName\":\"search_term_string\"}}],\"inLanguage\":\"es\"},{\"@type\":\"Organization\",\"@id\":\"https:\/\/thecars.es\/#organization\",\"name\":\"The Cars\",\"url\":\"https:\/\/thecars.es\/\",\"logo\":{\"@type\":\"ImageObject\",\"inLanguage\":\"es\",\"@id\":\"https:\/\/thecars.es\/#\/schema\/logo\/image\/\",\"url\":\"https:\/\/thecars.es\/wp-content\/uploads\/2024\/11\/The-Cars-11.png\",\"contentUrl\":\"https:\/\/thecars.es\/wp-content\/uploads\/2024\/11\/The-Cars-11.png\",\"width\":3509,\"height\":2481,\"caption\":\"The Cars\"},\"image\":{\"@id\":\"https:\/\/thecars.es\/#\/schema\/logo\/image\/\"},\"sameAs\":[\"https:\/\/www.facebook.com\/profile.php?id=61568285712078\",\"https:\/\/www.instagram.com\/thecars.en\/\"]},{\"@type\":\"Person\",\"@id\":\"https:\/\/thecars.es\/#\/schema\/person\/66ac4eda23b1960a514380a3f6352f4b\",\"name\":\"Dmitrii Korsakov\",\"image\":{\"@type\":\"ImageObject\",\"inLanguage\":\"es\",\"@id\":\"https:\/\/thecars.es\/#\/schema\/person\/image\/\",\"url\":\"https:\/\/secure.gravatar.com\/avatar\/f60a1f769ed1bdf8e5c3c7bf10f84cc697626352a22e32e8d4f2f7f084194820?s=96&d=mm&r=g\",\"contentUrl\":\"https:\/\/secure.gravatar.com\/avatar\/f60a1f769ed1bdf8e5c3c7bf10f84cc697626352a22e32e8d4f2f7f084194820?s=96&d=mm&r=g\",\"caption\":\"Dmitrii Korsakov\"},\"sameAs\":[\"https:\/\/thecars.es\/\"],\"url\":\"https:\/\/thecars.es\/es\/user\/shekhanin\/\"}]}<\/script>\n<!-- \/ Yoast SEO plugin. -->","yoast_head_json":{"title":"Contacto con The Cars| Encuentra Tu Coche de Segunda Mano Ideal","description":"Cont\u00e1ctanos en The Cars para obtener m\u00e1s informaci\u00f3n sobre nuestros coches de segunda mano. Estamos aqu\u00ed para ayudarte a encontrar el veh\u00edculo ideal.","robots":{"index":"index","follow":"follow","max-snippet":"max-snippet:-1","max-image-preview":"max-image-preview:large","max-video-preview":"max-video-preview:-1"},"canonical":"https:\/\/thecars.es\/es\/vehicle-evaluation\/","og_locale":"es_ES","og_type":"article","og_title":"Contacto con The Cars| Encuentra Tu Coche de Segunda Mano Ideal","og_description":"Cont\u00e1ctanos en The Cars para obtener m\u00e1s informaci\u00f3n sobre nuestros coches de segunda mano. Estamos aqu\u00ed para ayudarte a encontrar el veh\u00edculo ideal.","og_url":"https:\/\/thecars.es\/es\/vehicle-evaluation\/","og_site_name":"The Cars - Your trusted partner in pre-owned car sales.","article_publisher":"https:\/\/www.facebook.com\/profile.php?id=61568285712078","article_modified_time":"2025-07-23T11:28:49+00:00","og_image":[{"width":3509,"height":2481,"url":"https:\/\/thecars.es\/wp-content\/uploads\/2024\/12\/The-Cars-07.jpg","type":"image\/jpeg"}],"twitter_card":"summary_large_image","twitter_misc":{"Tiempo de lectura":"2 minutos"},"schema":{"@context":"https:\/\/schema.org","@graph":[{"@type":"Article","@id":"https:\/\/thecars.es\/vehicle-evaluation\/#article","isPartOf":{"@id":"https:\/\/thecars.es\/vehicle-evaluation\/"},"author":{"name":"Dmitrii Korsakov","@id":"https:\/\/thecars.es\/#\/schema\/person\/66ac4eda23b1960a514380a3f6352f4b"},"headline":"Vehicle Evaluation","datePublished":"2025-07-23T09:24:40+00:00","dateModified":"2025-07-23T11:28:49+00:00","mainEntityOfPage":{"@id":"https:\/\/thecars.es\/vehicle-evaluation\/"},"wordCount":298,"publisher":{"@id":"https:\/\/thecars.es\/#organization"},"inLanguage":"es"},{"@type":["WebPage","ContactPage"],"@id":"https:\/\/thecars.es\/vehicle-evaluation\/","url":"https:\/\/thecars.es\/vehicle-evaluation\/","name":"Contacto con The Cars| Encuentra Tu Coche de Segunda Mano Ideal","isPartOf":{"@id":"https:\/\/thecars.es\/#website"},"datePublished":"2025-07-23T09:24:40+00:00","dateModified":"2025-07-23T11:28:49+00:00","description":"Cont\u00e1ctanos en The Cars para obtener m\u00e1s informaci\u00f3n sobre nuestros coches de segunda mano. Estamos aqu\u00ed para ayudarte a encontrar el veh\u00edculo ideal.","breadcrumb":{"@id":"https:\/\/thecars.es\/vehicle-evaluation\/#breadcrumb"},"inLanguage":"es","potentialAction":[{"@type":"ReadAction","target":["https:\/\/thecars.es\/vehicle-evaluation\/"]}]},{"@type":"BreadcrumbList","@id":"https:\/\/thecars.es\/vehicle-evaluation\/#breadcrumb","itemListElement":[{"@type":"ListItem","position":1,"name":"\u0413\u043b\u0430\u0432\u043d\u0430\u044f \u0441\u0442\u0440\u0430\u043d\u0438\u0446\u0430","item":"https:\/\/thecars.es\/"},{"@type":"ListItem","position":2,"name":"Vehicle Evaluation"}]},{"@type":"WebSite","@id":"https:\/\/thecars.es\/#website","url":"https:\/\/thecars.es\/","name":"The Cars: Tu Coche de Ocasi\u00f3n Ideal.","description":"","publisher":{"@id":"https:\/\/thecars.es\/#organization"},"alternateName":"The Cars","potentialAction":[{"@type":"SearchAction","target":{"@type":"EntryPoint","urlTemplate":"https:\/\/thecars.es\/?s={search_term_string}"},"query-input":{"@type":"PropertyValueSpecification","valueRequired":true,"valueName":"search_term_string"}}],"inLanguage":"es"},{"@type":"Organization","@id":"https:\/\/thecars.es\/#organization","name":"The Cars","url":"https:\/\/thecars.es\/","logo":{"@type":"ImageObject","inLanguage":"es","@id":"https:\/\/thecars.es\/#\/schema\/logo\/image\/","url":"https:\/\/thecars.es\/wp-content\/uploads\/2024\/11\/The-Cars-11.png","contentUrl":"https:\/\/thecars.es\/wp-content\/uploads\/2024\/11\/The-Cars-11.png","width":3509,"height":2481,"caption":"The Cars"},"image":{"@id":"https:\/\/thecars.es\/#\/schema\/logo\/image\/"},"sameAs":["https:\/\/www.facebook.com\/profile.php?id=61568285712078","https:\/\/www.instagram.com\/thecars.en\/"]},{"@type":"Person","@id":"https:\/\/thecars.es\/#\/schema\/person\/66ac4eda23b1960a514380a3f6352f4b","name":"Dmitrii Korsakov","image":{"@type":"ImageObject","inLanguage":"es","@id":"https:\/\/thecars.es\/#\/schema\/person\/image\/","url":"https:\/\/secure.gravatar.com\/avatar\/f60a1f769ed1bdf8e5c3c7bf10f84cc697626352a22e32e8d4f2f7f084194820?s=96&d=mm&r=g","contentUrl":"https:\/\/secure.gravatar.com\/avatar\/f60a1f769ed1bdf8e5c3c7bf10f84cc697626352a22e32e8d4f2f7f084194820?s=96&d=mm&r=g","caption":"Dmitrii Korsakov"},"sameAs":["https:\/\/thecars.es\/"],"url":"https:\/\/thecars.es\/es\/user\/shekhanin\/"}]}},"_links":{"self":[{"href":"https:\/\/thecars.es\/es\/wp-json\/wp\/v2\/pages\/29141","targetHints":{"allow":["GET"]}}],"collection":[{"href":"https:\/\/thecars.es\/es\/wp-json\/wp\/v2\/pages"}],"about":[{"href":"https:\/\/thecars.es\/es\/wp-json\/wp\/v2\/types\/page"}],"author":[{"embeddable":true,"href":"https:\/\/thecars.es\/es\/wp-json\/wp\/v2\/users\/1"}],"replies":[{"embeddable":true,"href":"https:\/\/thecars.es\/es\/wp-json\/wp\/v2\/comments?post=29141"}],"version-history":[{"count":76,"href":"https:\/\/thecars.es\/es\/wp-json\/wp\/v2\/pages\/29141\/revisions"}],"predecessor-version":[{"id":29278,"href":"https:\/\/thecars.es\/es\/wp-json\/wp\/v2\/pages\/29141\/revisions\/29278"}],"wp:attachment":[{"href":"https:\/\/thecars.es\/es\/wp-json\/wp\/v2\/media?parent=29141"}],"curies":[{"name":"wp","href":"https:\/\/api.w.org\/{rel}","templated":true}]}}