{"id":2333,"date":"2019-08-09T11:16:53","date_gmt":"2019-08-09T11:16:53","guid":{"rendered":"http:\/\/mycars.digitalatlas.io\/?page_id=2333"},"modified":"2020-10-21T09:40:18","modified_gmt":"2020-10-21T09:40:18","slug":"404-page","status":"publish","type":"page","link":"https:\/\/thecars.es\/es\/404-page\/","title":{"rendered":"404 Page"},"content":{"rendered":"<div data-elementor-type=\"wp-post\" data-elementor-id=\"2333\" class=\"elementor elementor-2333\">\n\t\t\t\t\t\t<section class=\"elementor-section elementor-top-section elementor-element elementor-element-ad3999f vehica-404 elementor-section-boxed elementor-section-height-default elementor-section-height-default\" data-id=\"ad3999f\" data-element_type=\"section\" data-e-type=\"section\">\n\t\t\t\t\t\t<div class=\"elementor-container elementor-column-gap-default\">\n\t\t\t\t\t<div class=\"elementor-column elementor-col-100 elementor-top-column elementor-element elementor-element-6fd44b9\" data-id=\"6fd44b9\" data-element_type=\"column\" data-e-type=\"column\">\n\t\t\t<div class=\"elementor-widget-wrap elementor-element-populated\">\n\t\t\t\t\t\t<div class=\"elementor-element elementor-element-298f1e3 elementor-widget elementor-widget-spacer\" data-id=\"298f1e3\" data-element_type=\"widget\" data-e-type=\"widget\" data-widget_type=\"spacer.default\">\n\t\t\t\t<div class=\"elementor-widget-container\">\n\t\t\t\t\t\t\t<div class=\"elementor-spacer\">\n\t\t\t<div class=\"elementor-spacer-inner\"><\/div>\n\t\t<\/div>\n\t\t\t\t\t\t<\/div>\n\t\t\t\t<\/div>\n\t\t\t\t<div class=\"elementor-element elementor-element-9113600 elementor-widget elementor-widget-heading\" data-id=\"9113600\" data-element_type=\"widget\" data-e-type=\"widget\" data-widget_type=\"heading.default\">\n\t\t\t\t<div class=\"elementor-widget-container\">\n\t\t\t\t\t<h2 class=\"elementor-heading-title elementor-size-default\">Oops! That page can\u2019t be found.<\/h2>\t\t\t\t<\/div>\n\t\t\t\t<\/div>\n\t\t\t\t<div class=\"elementor-element elementor-element-bd83436 elementor-widget elementor-widget-spacer\" data-id=\"bd83436\" data-element_type=\"widget\" data-e-type=\"widget\" data-widget_type=\"spacer.default\">\n\t\t\t\t<div class=\"elementor-widget-container\">\n\t\t\t\t\t\t\t<div class=\"elementor-spacer\">\n\t\t\t<div class=\"elementor-spacer-inner\"><\/div>\n\t\t<\/div>\n\t\t\t\t\t\t<\/div>\n\t\t\t\t<\/div>\n\t\t\t\t<div class=\"elementor-element elementor-element-c66047c elementor-widget elementor-widget-heading\" data-id=\"c66047c\" data-element_type=\"widget\" data-e-type=\"widget\" data-widget_type=\"heading.default\">\n\t\t\t\t<div class=\"elementor-widget-container\">\n\t\t\t\t\t<h1 class=\"elementor-heading-title elementor-size-default\">404<\/h1>\t\t\t\t<\/div>\n\t\t\t\t<\/div>\n\t\t\t\t<div class=\"elementor-element elementor-element-43d76c0 elementor-widget elementor-widget-spacer\" data-id=\"43d76c0\" data-element_type=\"widget\" data-e-type=\"widget\" data-widget_type=\"spacer.default\">\n\t\t\t\t<div class=\"elementor-widget-container\">\n\t\t\t\t\t\t\t<div class=\"elementor-spacer\">\n\t\t\t<div class=\"elementor-spacer-inner\"><\/div>\n\t\t<\/div>\n\t\t\t\t\t\t<\/div>\n\t\t\t\t<\/div>\n\t\t\t\t<div class=\"elementor-element elementor-element-427de10 elementor-align-center elementor-mobile-align-justify elementor-widget elementor-widget-button\" data-id=\"427de10\" data-element_type=\"widget\" data-e-type=\"widget\" data-widget_type=\"button.default\">\n\t\t\t\t<div class=\"elementor-widget-container\">\n\t\t\t\t\t\t\t\t\t<div class=\"elementor-button-wrapper\">\n\t\t\t\t\t<a class=\"elementor-button elementor-button-link elementor-size-sm\" href=\"\/es\/\">\n\t\t\t\t\t\t<span class=\"elementor-button-content-wrapper\">\n\t\t\t\t\t\t\t\t\t<span class=\"elementor-button-text\">Back to home page<\/span>\n\t\t\t\t\t<\/span>\n\t\t\t\t\t<\/a>\n\t\t\t\t<\/div>\n\t\t\t\t\t\t\t\t<\/div>\n\t\t\t\t<\/div>\n\t\t\t\t<div class=\"elementor-element elementor-element-400e5fa elementor-widget elementor-widget-spacer\" data-id=\"400e5fa\" data-element_type=\"widget\" data-e-type=\"widget\" data-widget_type=\"spacer.default\">\n\t\t\t\t<div class=\"elementor-widget-container\">\n\t\t\t\t\t\t\t<div class=\"elementor-spacer\">\n\t\t\t<div class=\"elementor-spacer-inner\"><\/div>\n\t\t<\/div>\n\t\t\t\t\t\t<\/div>\n\t\t\t\t<\/div>\n\t\t\t\t\t<\/div>\n\t\t<\/div>\n\t\t\t\t\t<\/div>\n\t\t<\/section>\n\t\t\t\t<\/div>","protected":false},"excerpt":{"rendered":"<p>Oops! That page can\u2019t be found. 404 Back to home page<\/p>","protected":false},"author":1,"featured_media":0,"parent":0,"menu_order":0,"comment_status":"closed","ping_status":"closed","template":"","meta":{"footnotes":""},"class_list":["post-2333","page","type-page","status-publish","hentry"],"yoast_head":"<!-- This site is optimized with the Yoast SEO plugin v25.0 - https:\/\/yoast.com\/wordpress\/plugins\/seo\/ -->\n<title>Contacto con The Cars|Encuentra Tu Coche de Segunda Mano Ideal<\/title>\n<meta name=\"description\" content=\"Cont\u00e1ctanos en The Cars para obtener m\u00e1s informaci\u00f3n sobre nuestros coches de segunda mano. Estamos aqu\u00ed para ayudarte a encontrar el veh\u00edculo ideal.\" \/>\n<meta name=\"robots\" content=\"index, follow, max-snippet:-1, max-image-preview:large, max-video-preview:-1\" \/>\n<link rel=\"canonical\" href=\"https:\/\/thecars.es\/es\/404-page\/\" \/>\n<meta property=\"og:locale\" content=\"es_ES\" \/>\n<meta property=\"og:type\" content=\"article\" \/>\n<meta property=\"og:title\" content=\"Contacto con The Cars|Encuentra Tu Coche de Segunda Mano Ideal\" \/>\n<meta property=\"og:description\" content=\"Cont\u00e1ctanos en The Cars para obtener m\u00e1s informaci\u00f3n sobre nuestros coches de segunda mano. Estamos aqu\u00ed para ayudarte a encontrar el veh\u00edculo ideal.\" \/>\n<meta property=\"og:url\" content=\"https:\/\/thecars.es\/es\/404-page\/\" \/>\n<meta property=\"og:site_name\" content=\"The Cars - Your trusted partner in pre-owned car sales.\" \/>\n<meta property=\"article:publisher\" content=\"https:\/\/www.facebook.com\/profile.php?id=61568285712078\" \/>\n<meta property=\"article:modified_time\" content=\"2020-10-21T09:40:18+00:00\" \/>\n<meta property=\"og:image\" content=\"https:\/\/thecars.es\/wp-content\/uploads\/2024\/12\/The-Cars-07.jpg\" \/>\n\t<meta property=\"og:image:width\" content=\"3509\" \/>\n\t<meta property=\"og:image:height\" content=\"2481\" \/>\n\t<meta property=\"og:image:type\" content=\"image\/jpeg\" \/>\n<meta name=\"twitter:card\" content=\"summary_large_image\" \/>\n<script type=\"application\/ld+json\" class=\"yoast-schema-graph\">{\"@context\":\"https:\/\/schema.org\",\"@graph\":[{\"@type\":\"Article\",\"@id\":\"https:\/\/thecars.es\/404-page\/#article\",\"isPartOf\":{\"@id\":\"https:\/\/thecars.es\/404-page\/\"},\"author\":{\"name\":\"Dmitrii Korsakov\",\"@id\":\"https:\/\/thecars.es\/#\/schema\/person\/66ac4eda23b1960a514380a3f6352f4b\"},\"headline\":\"404 Page\",\"datePublished\":\"2019-08-09T11:16:53+00:00\",\"dateModified\":\"2020-10-21T09:40:18+00:00\",\"mainEntityOfPage\":{\"@id\":\"https:\/\/thecars.es\/404-page\/\"},\"wordCount\":12,\"publisher\":{\"@id\":\"https:\/\/thecars.es\/#organization\"},\"inLanguage\":\"es\"},{\"@type\":[\"WebPage\",\"ContactPage\"],\"@id\":\"https:\/\/thecars.es\/404-page\/\",\"url\":\"https:\/\/thecars.es\/404-page\/\",\"name\":\"Contacto con The Cars|Encuentra Tu Coche de Segunda Mano Ideal\",\"isPartOf\":{\"@id\":\"https:\/\/thecars.es\/#website\"},\"datePublished\":\"2019-08-09T11:16:53+00:00\",\"dateModified\":\"2020-10-21T09:40:18+00:00\",\"description\":\"Cont\u00e1ctanos en The Cars para obtener m\u00e1s informaci\u00f3n sobre nuestros coches de segunda mano. Estamos aqu\u00ed para ayudarte a encontrar el veh\u00edculo ideal.\",\"breadcrumb\":{\"@id\":\"https:\/\/thecars.es\/404-page\/#breadcrumb\"},\"inLanguage\":\"es\",\"potentialAction\":[{\"@type\":\"ReadAction\",\"target\":[\"https:\/\/thecars.es\/404-page\/\"]}]},{\"@type\":\"BreadcrumbList\",\"@id\":\"https:\/\/thecars.es\/404-page\/#breadcrumb\",\"itemListElement\":[{\"@type\":\"ListItem\",\"position\":1,\"name\":\"\u0413\u043b\u0430\u0432\u043d\u0430\u044f \u0441\u0442\u0440\u0430\u043d\u0438\u0446\u0430\",\"item\":\"https:\/\/thecars.es\/\"},{\"@type\":\"ListItem\",\"position\":2,\"name\":\"404 Page\"}]},{\"@type\":\"WebSite\",\"@id\":\"https:\/\/thecars.es\/#website\",\"url\":\"https:\/\/thecars.es\/\",\"name\":\"The Cars: Tu Coche de Ocasi\u00f3n Ideal.\",\"description\":\"\",\"publisher\":{\"@id\":\"https:\/\/thecars.es\/#organization\"},\"alternateName\":\"The Cars\",\"potentialAction\":[{\"@type\":\"SearchAction\",\"target\":{\"@type\":\"EntryPoint\",\"urlTemplate\":\"https:\/\/thecars.es\/?s={search_term_string}\"},\"query-input\":{\"@type\":\"PropertyValueSpecification\",\"valueRequired\":true,\"valueName\":\"search_term_string\"}}],\"inLanguage\":\"es\"},{\"@type\":\"Organization\",\"@id\":\"https:\/\/thecars.es\/#organization\",\"name\":\"The Cars\",\"url\":\"https:\/\/thecars.es\/\",\"logo\":{\"@type\":\"ImageObject\",\"inLanguage\":\"es\",\"@id\":\"https:\/\/thecars.es\/#\/schema\/logo\/image\/\",\"url\":\"https:\/\/thecars.es\/wp-content\/uploads\/2024\/11\/The-Cars-11.png\",\"contentUrl\":\"https:\/\/thecars.es\/wp-content\/uploads\/2024\/11\/The-Cars-11.png\",\"width\":3509,\"height\":2481,\"caption\":\"The Cars\"},\"image\":{\"@id\":\"https:\/\/thecars.es\/#\/schema\/logo\/image\/\"},\"sameAs\":[\"https:\/\/www.facebook.com\/profile.php?id=61568285712078\",\"https:\/\/www.instagram.com\/thecars.en\/\"]},{\"@type\":\"Person\",\"@id\":\"https:\/\/thecars.es\/#\/schema\/person\/66ac4eda23b1960a514380a3f6352f4b\",\"name\":\"Dmitrii Korsakov\",\"image\":{\"@type\":\"ImageObject\",\"inLanguage\":\"es\",\"@id\":\"https:\/\/thecars.es\/#\/schema\/person\/image\/\",\"url\":\"https:\/\/secure.gravatar.com\/avatar\/f60a1f769ed1bdf8e5c3c7bf10f84cc697626352a22e32e8d4f2f7f084194820?s=96&d=mm&r=g\",\"contentUrl\":\"https:\/\/secure.gravatar.com\/avatar\/f60a1f769ed1bdf8e5c3c7bf10f84cc697626352a22e32e8d4f2f7f084194820?s=96&d=mm&r=g\",\"caption\":\"Dmitrii Korsakov\"},\"sameAs\":[\"https:\/\/thecars.es\/\"],\"url\":\"https:\/\/thecars.es\/es\/user\/shekhanin\/\"}]}<\/script>\n<!-- \/ Yoast SEO plugin. -->","yoast_head_json":{"title":"Contacto con The Cars|Encuentra Tu Coche de Segunda Mano Ideal","description":"Cont\u00e1ctanos en The Cars para obtener m\u00e1s informaci\u00f3n sobre nuestros coches de segunda mano. Estamos aqu\u00ed para ayudarte a encontrar el veh\u00edculo ideal.","robots":{"index":"index","follow":"follow","max-snippet":"max-snippet:-1","max-image-preview":"max-image-preview:large","max-video-preview":"max-video-preview:-1"},"canonical":"https:\/\/thecars.es\/es\/404-page\/","og_locale":"es_ES","og_type":"article","og_title":"Contacto con The Cars|Encuentra Tu Coche de Segunda Mano Ideal","og_description":"Cont\u00e1ctanos en The Cars para obtener m\u00e1s informaci\u00f3n sobre nuestros coches de segunda mano. Estamos aqu\u00ed para ayudarte a encontrar el veh\u00edculo ideal.","og_url":"https:\/\/thecars.es\/es\/404-page\/","og_site_name":"The Cars - Your trusted partner in pre-owned car sales.","article_publisher":"https:\/\/www.facebook.com\/profile.php?id=61568285712078","article_modified_time":"2020-10-21T09:40:18+00:00","og_image":[{"width":3509,"height":2481,"url":"https:\/\/thecars.es\/wp-content\/uploads\/2024\/12\/The-Cars-07.jpg","type":"image\/jpeg"}],"twitter_card":"summary_large_image","schema":{"@context":"https:\/\/schema.org","@graph":[{"@type":"Article","@id":"https:\/\/thecars.es\/404-page\/#article","isPartOf":{"@id":"https:\/\/thecars.es\/404-page\/"},"author":{"name":"Dmitrii Korsakov","@id":"https:\/\/thecars.es\/#\/schema\/person\/66ac4eda23b1960a514380a3f6352f4b"},"headline":"404 Page","datePublished":"2019-08-09T11:16:53+00:00","dateModified":"2020-10-21T09:40:18+00:00","mainEntityOfPage":{"@id":"https:\/\/thecars.es\/404-page\/"},"wordCount":12,"publisher":{"@id":"https:\/\/thecars.es\/#organization"},"inLanguage":"es"},{"@type":["WebPage","ContactPage"],"@id":"https:\/\/thecars.es\/404-page\/","url":"https:\/\/thecars.es\/404-page\/","name":"Contacto con The Cars|Encuentra Tu Coche de Segunda Mano Ideal","isPartOf":{"@id":"https:\/\/thecars.es\/#website"},"datePublished":"2019-08-09T11:16:53+00:00","dateModified":"2020-10-21T09:40:18+00:00","description":"Cont\u00e1ctanos en The Cars para obtener m\u00e1s informaci\u00f3n sobre nuestros coches de segunda mano. Estamos aqu\u00ed para ayudarte a encontrar el veh\u00edculo ideal.","breadcrumb":{"@id":"https:\/\/thecars.es\/404-page\/#breadcrumb"},"inLanguage":"es","potentialAction":[{"@type":"ReadAction","target":["https:\/\/thecars.es\/404-page\/"]}]},{"@type":"BreadcrumbList","@id":"https:\/\/thecars.es\/404-page\/#breadcrumb","itemListElement":[{"@type":"ListItem","position":1,"name":"\u0413\u043b\u0430\u0432\u043d\u0430\u044f \u0441\u0442\u0440\u0430\u043d\u0438\u0446\u0430","item":"https:\/\/thecars.es\/"},{"@type":"ListItem","position":2,"name":"404 Page"}]},{"@type":"WebSite","@id":"https:\/\/thecars.es\/#website","url":"https:\/\/thecars.es\/","name":"The Cars: Tu Coche de Ocasi\u00f3n Ideal.","description":"","publisher":{"@id":"https:\/\/thecars.es\/#organization"},"alternateName":"The Cars","potentialAction":[{"@type":"SearchAction","target":{"@type":"EntryPoint","urlTemplate":"https:\/\/thecars.es\/?s={search_term_string}"},"query-input":{"@type":"PropertyValueSpecification","valueRequired":true,"valueName":"search_term_string"}}],"inLanguage":"es"},{"@type":"Organization","@id":"https:\/\/thecars.es\/#organization","name":"The Cars","url":"https:\/\/thecars.es\/","logo":{"@type":"ImageObject","inLanguage":"es","@id":"https:\/\/thecars.es\/#\/schema\/logo\/image\/","url":"https:\/\/thecars.es\/wp-content\/uploads\/2024\/11\/The-Cars-11.png","contentUrl":"https:\/\/thecars.es\/wp-content\/uploads\/2024\/11\/The-Cars-11.png","width":3509,"height":2481,"caption":"The Cars"},"image":{"@id":"https:\/\/thecars.es\/#\/schema\/logo\/image\/"},"sameAs":["https:\/\/www.facebook.com\/profile.php?id=61568285712078","https:\/\/www.instagram.com\/thecars.en\/"]},{"@type":"Person","@id":"https:\/\/thecars.es\/#\/schema\/person\/66ac4eda23b1960a514380a3f6352f4b","name":"Dmitrii Korsakov","image":{"@type":"ImageObject","inLanguage":"es","@id":"https:\/\/thecars.es\/#\/schema\/person\/image\/","url":"https:\/\/secure.gravatar.com\/avatar\/f60a1f769ed1bdf8e5c3c7bf10f84cc697626352a22e32e8d4f2f7f084194820?s=96&d=mm&r=g","contentUrl":"https:\/\/secure.gravatar.com\/avatar\/f60a1f769ed1bdf8e5c3c7bf10f84cc697626352a22e32e8d4f2f7f084194820?s=96&d=mm&r=g","caption":"Dmitrii Korsakov"},"sameAs":["https:\/\/thecars.es\/"],"url":"https:\/\/thecars.es\/es\/user\/shekhanin\/"}]}},"_links":{"self":[{"href":"https:\/\/thecars.es\/es\/wp-json\/wp\/v2\/pages\/2333","targetHints":{"allow":["GET"]}}],"collection":[{"href":"https:\/\/thecars.es\/es\/wp-json\/wp\/v2\/pages"}],"about":[{"href":"https:\/\/thecars.es\/es\/wp-json\/wp\/v2\/types\/page"}],"author":[{"embeddable":true,"href":"https:\/\/thecars.es\/es\/wp-json\/wp\/v2\/users\/1"}],"replies":[{"embeddable":true,"href":"https:\/\/thecars.es\/es\/wp-json\/wp\/v2\/comments?post=2333"}],"version-history":[{"count":0,"href":"https:\/\/thecars.es\/es\/wp-json\/wp\/v2\/pages\/2333\/revisions"}],"wp:attachment":[{"href":"https:\/\/thecars.es\/es\/wp-json\/wp\/v2\/media?parent=2333"}],"curies":[{"name":"wp","href":"https:\/\/api.w.org\/{rel}","templated":true}]}}